{"id":14968,"date":"2021-01-12T09:20:59","date_gmt":"2021-01-12T08:20:59","guid":{"rendered":"https:\/\/www.attec-international.com\/?page_id=14968"},"modified":"2023-03-07T11:47:57","modified_gmt":"2023-03-07T10:47:57","slug":"otomotiv","status":"publish","type":"page","link":"https:\/\/www.attec-international.com\/tr\/otomotiv\/","title":{"rendered":"Otomotiv"},"content":{"rendered":"<p><div class=\"fusion-fullwidth fullwidth-box fusion-builder-row-1 nonhundred-percent-fullwidth non-hundred-percent-height-scrolling\" style=\"--awb-border-radius-top-left:0px;--awb-border-radius-top-right:0px;--awb-border-radius-bottom-right:0px;--awb-border-radius-bottom-left:0px;--awb-margin-top:60px;--awb-flex-wrap:wrap;\" ><div class=\"fusion-builder-row fusion-row\"><div class=\"fusion-layout-column fusion_builder_column fusion-builder-column-0 fusion_builder_column_1_1 1_1 fusion-one-full fusion-column-first fusion-column-last\" style=\"--awb-bg-size:cover;--awb-margin-top:25px;--awb-margin-bottom:0px;\"><div class=\"fusion-column-wrapper fusion-flex-column-wrapper-legacy\"><div class=\"fusion-title title fusion-title-1 fusion-sep-none fusion-title-text fusion-title-size-one\" style=\"--awb-margin-bottom:28px;--awb-margin-top-small:0px;--awb-margin-right-small:0px;--awb-margin-bottom-small:20px;--awb-margin-left-small:0px;\"><h1 class=\"fusion-title-heading title-heading-left\" style=\"margin:0;\"><h1>UYGULAMALAR<\/h1><\/h1><\/div><div class=\"fusion-widget-area awb-widget-area-element fusion-widget-area-1 fusion-content-widget-area\" style=\"--awb-title-color:#333333;--awb-padding:0px 0px 0px 0px;\"><div id=\"menu-widget-27\" class=\"widget menu\" style=\"border-style: solid;border-color:transparent;border-width:0px;\"><style type=\"text\/css\">#menu-widget-27{text-align:left;}#fusion-menu-widget-27 li{display:inline-block;}#fusion-menu-widget-27 ul li a{display:inline-block;padding:0;border:0;color:#888888;font-size:14px;}#fusion-menu-widget-27 ul li a:after{content:\"|\";color:#888888;padding-right:25px;padding-left:25px;font-size:14px;}#fusion-menu-widget-27 ul li a:hover,#fusion-menu-widget-27 ul .menu-item.current-menu-item a{color:#f08100;}#fusion-menu-widget-27 ul li:last-child a:after{display:none;}#fusion-menu-widget-27 ul li .fusion-widget-cart-number{margin:0 7px;background-color:#f08100;color:#888888;}#fusion-menu-widget-27 ul li.fusion-active-cart-icon .fusion-widget-cart-icon:after{color:#f08100;}<\/style><nav id=\"fusion-menu-widget-27\" class=\"fusion-widget-menu\" aria-label=\"Secondary Navigation: \"><ul id=\"menu-uygulamalar\" class=\"menu\"><li id=\"menu-item-16008\" class=\"menu-item menu-item-type-post_type menu-item-object-page menu-item-16008\"><a href=\"https:\/\/www.attec-international.com\/tr\/otomotiv\/\">Otomotiv<\/a><\/li><li id=\"menu-item-16009\" class=\"menu-item menu-item-type-post_type menu-item-object-page menu-item-16009\"><a href=\"https:\/\/www.attec-international.com\/tr\/enerji\/\">Enerji<\/a><\/li><li id=\"menu-item-16010\" class=\"menu-item menu-item-type-post_type menu-item-object-page menu-item-16010\"><a href=\"https:\/\/www.attec-international.com\/tr\/enduestri\/\">End\u00fcstri<\/a><\/li><li id=\"menu-item-16011\" class=\"menu-item menu-item-type-post_type menu-item-object-page menu-item-16011\"><a href=\"https:\/\/www.attec-international.com\/tr\/makine-imalati\/\">Makine \u0130malat\u0131<\/a><\/li><li id=\"menu-item-16012\" class=\"menu-item menu-item-type-post_type menu-item-object-page menu-item-16012\"><a href=\"https:\/\/www.attec-international.com\/tr\/konstrueksiyon\/\">Konstr\u00fcksiyon<\/a><\/li><\/ul><\/nav><\/div><div class=\"fusion-additional-widget-content\"><\/div><\/div><div class=\"fusion-clearfix\"><\/div><\/div><\/div><\/div><\/div><div class=\"fusion-fullwidth fullwidth-box fusion-builder-row-2 nonhundred-percent-fullwidth non-hundred-percent-height-scrolling\" style=\"--awb-border-radius-top-left:0px;--awb-border-radius-top-right:0px;--awb-border-radius-bottom-right:0px;--awb-border-radius-bottom-left:0px;--awb-padding-top:35px;--awb-padding-bottom:10px;--awb-margin-top:50px;--awb-background-color:#f6f6f6;--awb-flex-wrap:wrap;\" ><div class=\"fusion-builder-row fusion-row\"><div class=\"fusion-layout-column fusion_builder_column fusion-builder-column-1 fusion_builder_column_1_1 1_1 fusion-one-full fusion-column-first fusion-column-last\" style=\"--awb-bg-size:cover;\"><div class=\"fusion-column-wrapper fusion-flex-column-wrapper-legacy\"><div class=\"fusion-title title fusion-title-2 fusion-sep-none fusion-title-text fusion-title-size-one\" style=\"--awb-margin-bottom:15px;--awb-margin-top-small:0px;--awb-margin-right-small:0px;--awb-margin-bottom-small:20px;--awb-margin-left-small:0px;\"><h1 class=\"fusion-title-heading title-heading-left\" style=\"margin:0;\">OTOMOTIV<\/h1><\/div><div class=\"fusion-sep-clear\"><\/div><div class=\"fusion-separator fusion-clearfix\" style=\"float:left;margin-top:-5px;margin-bottom:10px;width:100%;max-width:200px;\"><div class=\"fusion-separator-border sep-single sep-solid\" style=\"--awb-height:20px;--awb-amount:20px;--awb-sep-color:#f08100;border-color:#f08100;border-top-width:2px;\"><\/div><\/div><div class=\"fusion-sep-clear\"><\/div><div class=\"fusion-clearfix\"><\/div><\/div><\/div><\/div><\/div><div class=\"fusion-fullwidth fullwidth-box fusion-builder-row-3 nonhundred-percent-fullwidth non-hundred-percent-height-scrolling fusion-equal-height-columns\" style=\"--awb-border-radius-top-left:0px;--awb-border-radius-top-right:0px;--awb-border-radius-bottom-right:0px;--awb-border-radius-bottom-left:0px;--awb-margin-top:0px;--awb-background-color:#f6f6f6;--awb-flex-wrap:wrap;\" ><div class=\"fusion-builder-row fusion-row\"><div class=\"fusion-layout-column fusion_builder_column fusion-builder-column-2 fusion_builder_column_1_2 1_2 fusion-one-half fusion-column-first\" style=\"--awb-bg-size:cover;width:50%;width:calc(50% - ( ( 4% ) * 0.5 ) );margin-right: 4%;\"><div class=\"fusion-column-wrapper fusion-flex-column-wrapper-legacy\"><div class=\"fusion-text fusion-text-1\"><p>\u00dcr\u00fcnlerimiz, otomotiv end\u00fcstrisi ve tedarik\u00e7ileri i\u00e7in y\u00fcksek kaliteli, kusursuz ve g\u00fcvenli par\u00e7alar\u0131n \u00fcretilmesiyle ilgili \u00f6nemli bir temel sa\u011flar. Her bir ama\u00e7 i\u00e7in, talepler fizibilite kontrol\u00fcne tabi tutulur; b\u00f6ylece, amaca y\u00f6nelik ekonomik bir \u00e7\u00f6z\u00fcm sunulabilir.<\/p>\n<p>Hem i\u015f orta\u011f\u0131 tesislerimiz hem de kendimiz profesyonel dan\u0131\u015fmanl\u0131k sa\u011flayabilmek i\u00e7in gereken deneyime sahibiz.<\/p>\n<p>i\u015flenmi\u015f \u00fcr\u00fcnlerde daha sonra meydana gelebilecek herhangi bir problemde, \u00e7\u00f6z\u00fcmler \u00e7al\u0131\u015fanlar\u0131m\u0131z taraf\u0131ndan tart\u0131\u015f\u0131l\u0131r ve daha sonra m\u00fc\u015fteriye \u00f6zel \u00e7\u00f6z\u00fcm \u00f6nerileri sunulur.<\/p>\n<\/div><div class=\"fusion-clearfix\"><\/div><\/div><\/div><div class=\"fusion-layout-column fusion_builder_column fusion-builder-column-3 fusion_builder_column_1_2 1_2 fusion-one-half fusion-column-last\" style=\"--awb-bg-size:cover;width:50%;width:calc(50% - ( ( 4% ) * 0.5 ) );\"><div class=\"fusion-column-wrapper fusion-flex-column-wrapper-legacy\"><div class=\"fusion-column-content-centered\"><div class=\"fusion-column-content\"><div class=\"fusion-image-element fusion-image-align-center in-legacy-container\" style=\"text-align:center;--awb-caption-title-font-family:var(--h2_typography-font-family);--awb-caption-title-font-weight:var(--h2_typography-font-weight);--awb-caption-title-font-style:var(--h2_typography-font-style);--awb-caption-title-size:var(--h2_typography-font-size);--awb-caption-title-transform:var(--h2_typography-text-transform);--awb-caption-title-line-height:var(--h2_typography-line-height);--awb-caption-title-letter-spacing:var(--h2_typography-letter-spacing);\"><div class=\"imageframe-align-center\"><span class=\" fusion-imageframe imageframe-none imageframe-1 hover-type-none fusion-animated\" data-animationType=\"fadeInRight\" data-animationDuration=\"1.0\" data-animationOffset=\"top-into-view\"><img decoding=\"async\" width=\"1200\" height=\"312\" alt=\"attec_grafik_automotive\" title=\"attec_grafik_automotive\" src=\"https:\/\/www.attec-international.com\/attecwpcom2018\/wp-content\/uploads\/2018\/09\/attec_grafik_automotive.png\" class=\"img-responsive wp-image-13276\" srcset=\"https:\/\/www.attec-international.com\/wp-content\/uploads\/2018\/09\/attec_grafik_automotive-200x52.png 200w, https:\/\/www.attec-international.com\/wp-content\/uploads\/2018\/09\/attec_grafik_automotive-400x104.png 400w, https:\/\/www.attec-international.com\/wp-content\/uploads\/2018\/09\/attec_grafik_automotive-600x156.png 600w, https:\/\/www.attec-international.com\/wp-content\/uploads\/2018\/09\/attec_grafik_automotive-800x208.png 800w, https:\/\/www.attec-international.com\/wp-content\/uploads\/2018\/09\/attec_grafik_automotive.png 1200w\" sizes=\"(max-width: 800px) 100vw, 600px\" \/><\/span><\/div><\/div><\/div><\/div><div class=\"fusion-clearfix\"><\/div><\/div><\/div><\/div><\/div><div class=\"fusion-fullwidth fullwidth-box fusion-builder-row-4 nonhundred-percent-fullwidth non-hundred-percent-height-scrolling\" style=\"--awb-border-radius-top-left:0px;--awb-border-radius-top-right:0px;--awb-border-radius-bottom-right:0px;--awb-border-radius-bottom-left:0px;--awb-margin-top:60px;--awb-flex-wrap:wrap;\" ><div class=\"fusion-builder-row fusion-row\"><div class=\"fusion-layout-column fusion_builder_column fusion-builder-column-4 fusion_builder_column_1_1 1_1 fusion-one-full fusion-column-first fusion-column-last\" style=\"--awb-bg-size:cover;\"><div class=\"fusion-column-wrapper fusion-flex-column-wrapper-legacy\"><div class=\"fusion-text fusion-text-2\"><h2>\u00d6rnek uygulama alanlar\u0131:<\/h2>\n<\/div><div class=\"fusion-clearfix\"><\/div><\/div><\/div><div class=\"fusion-layout-column fusion_builder_column fusion-builder-column-5 fusion_builder_column_1_4 1_4 fusion-one-fourth fusion-column-first\" style=\"--awb-bg-size:cover;width:25%;width:calc(25% - ( ( 4% + 4% + 4% ) * 0.25 ) );margin-right: 4%;\"><div class=\"fusion-column-wrapper fusion-flex-column-wrapper-legacy\"><ul style=\"--awb-line-height:23.8px;--awb-icon-width:23.8px;--awb-icon-height:23.8px;--awb-icon-margin:9.8px;--awb-content-margin:33.6px;--awb-circlecolor:#f08100;--awb-circle-yes-font-size:12.32px;\" class=\"fusion-checklist fusion-checklist-1 fusion-checklist-default type-icons\"><li class=\"fusion-li-item\" style=\"\"><span class=\"icon-wrapper circle-yes\"><i class=\"fusion-li-icon fa-check fas\" aria-hidden=\"true\"><\/i><\/span><div class=\"fusion-li-item-content\">\n<p>Amortis\u00f6r borular\u0131<\/p>\n<\/div><\/li><li class=\"fusion-li-item\" style=\"\"><span class=\"icon-wrapper circle-yes\"><i class=\"fusion-li-icon fa-check fas\" aria-hidden=\"true\"><\/i><\/span><div class=\"fusion-li-item-content\">\n<p>kardan borular\u0131<\/p>\n<\/div><\/li><li class=\"fusion-li-item\" style=\"\"><span class=\"icon-wrapper circle-yes\"><i class=\"fusion-li-icon fa-check fas\" aria-hidden=\"true\"><\/i><\/span><div class=\"fusion-li-item-content\">\n<p>Direksiyon kolon borusu ve direksiyon ba\u011flant\u0131 borular\u0131<\/p>\n<\/div><\/li><\/ul><div class=\"fusion-clearfix\"><\/div><\/div><\/div><div class=\"fusion-layout-column fusion_builder_column fusion-builder-column-6 fusion_builder_column_1_4 1_4 fusion-one-fourth\" style=\"--awb-bg-size:cover;width:25%;width:calc(25% - ( ( 4% + 4% + 4% ) * 0.25 ) );margin-right: 4%;\"><div class=\"fusion-column-wrapper fusion-flex-column-wrapper-legacy\"><ul style=\"--awb-line-height:23.8px;--awb-icon-width:23.8px;--awb-icon-height:23.8px;--awb-icon-margin:9.8px;--awb-content-margin:33.6px;--awb-circlecolor:#f08100;--awb-circle-yes-font-size:12.32px;\" class=\"fusion-checklist fusion-checklist-2 fusion-checklist-default type-icons\"><li class=\"fusion-li-item\" style=\"\"><span class=\"icon-wrapper circle-yes\"><i class=\"fusion-li-icon fa-check fas\" aria-hidden=\"true\"><\/i><\/span><div class=\"fusion-li-item-content\">\n<p>bur\u00e7 borular\u0131<\/p>\n<\/div><\/li><li class=\"fusion-li-item\" style=\"\"><span class=\"icon-wrapper circle-yes\"><i class=\"fusion-li-icon fa-check fas\" aria-hidden=\"true\"><\/i><\/span><div class=\"fusion-li-item-content\">\n<p>\u015faft borular\u0131<\/p>\n<\/div><\/li><li class=\"fusion-li-item\" style=\"\"><span class=\"icon-wrapper circle-yes\"><i class=\"fusion-li-icon fa-check fas\" aria-hidden=\"true\"><\/i><\/span><div class=\"fusion-li-item-content\">\n<div class=\"fusion-li-item-content\">\n<p>\u015easide kullan\u0131lan borular<\/p>\n<\/div>\n<\/div><\/li><\/ul><div class=\"fusion-clearfix\"><\/div><\/div><\/div><div class=\"fusion-layout-column fusion_builder_column fusion-builder-column-7 fusion_builder_column_1_4 1_4 fusion-one-fourth\" style=\"--awb-bg-size:cover;width:25%;width:calc(25% - ( ( 4% + 4% + 4% ) * 0.25 ) );margin-right: 4%;\"><div class=\"fusion-column-wrapper fusion-flex-column-wrapper-legacy\"><ul style=\"--awb-line-height:23.8px;--awb-icon-width:23.8px;--awb-icon-height:23.8px;--awb-icon-margin:9.8px;--awb-content-margin:33.6px;--awb-circlecolor:#f08100;--awb-circle-yes-font-size:12.32px;\" class=\"fusion-checklist fusion-checklist-3 fusion-checklist-default type-icons\"><li class=\"fusion-li-item\" style=\"\"><span class=\"icon-wrapper circle-yes\"><i class=\"fusion-li-icon fa-check fas\" aria-hidden=\"true\"><\/i><\/span><div class=\"fusion-li-item-content\">\n<p>Koltuk borular\u0131<\/p>\n<\/div><\/li><li class=\"fusion-li-item\" style=\"\"><span class=\"icon-wrapper circle-yes\"><i class=\"fusion-li-icon fa-check fas\" aria-hidden=\"true\"><\/i><\/span><div class=\"fusion-li-item-content\">\n<p>aks borular\u0131<\/p>\n<\/div><\/li><li class=\"fusion-li-item\" style=\"\"><span class=\"icon-wrapper circle-yes\"><i class=\"fusion-li-icon fa-check fas\" aria-hidden=\"true\"><\/i><\/span><div class=\"fusion-li-item-content\">\n<p>Kam mili borular\u0131<\/p>\n<\/div><\/li><\/ul><div class=\"fusion-clearfix\"><\/div><\/div><\/div><div class=\"fusion-layout-column fusion_builder_column fusion-builder-column-8 fusion_builder_column_1_4 1_4 fusion-one-fourth fusion-column-last\" style=\"--awb-bg-size:cover;width:25%;width:calc(25% - ( ( 4% + 4% + 4% ) * 0.25 ) );\"><div class=\"fusion-column-wrapper fusion-flex-column-wrapper-legacy\"><ul style=\"--awb-line-height:23.8px;--awb-icon-width:23.8px;--awb-icon-height:23.8px;--awb-icon-margin:9.8px;--awb-content-margin:33.6px;--awb-circlecolor:#f08100;--awb-circle-yes-font-size:12.32px;\" class=\"fusion-checklist fusion-checklist-4 fusion-checklist-default type-icons\"><li class=\"fusion-li-item\" style=\"\"><span class=\"icon-wrapper circle-yes\"><i class=\"fusion-li-icon fa-check fas\" aria-hidden=\"true\"><\/i><\/span><div class=\"fusion-li-item-content\">\n<p>stabilizat\u00f6r borular\u0131<\/p>\n<\/div><\/li><li class=\"fusion-li-item\" style=\"\"><span class=\"icon-wrapper circle-yes\"><i class=\"fusion-li-icon fa-check fas\" aria-hidden=\"true\"><\/i><\/span><div class=\"fusion-li-item-content\">\n<p>ba\u011flant\u0131 ve destek borular\u0131<\/p>\n<\/div><\/li><li class=\"fusion-li-item\" style=\"\"><span class=\"icon-wrapper circle-yes\"><i class=\"fusion-li-icon fa-check fas\" aria-hidden=\"true\"><\/i><\/span><div class=\"fusion-li-item-content\">\n<p>gazl\u0131 amortis\u00f6r borular\u0131<\/p>\n<\/div><\/li><\/ul><div class=\"fusion-clearfix\"><\/div><\/div><\/div><\/div><\/div><\/p>\n","protected":false},"excerpt":{"rendered":"","protected":false},"author":1,"featured_media":0,"parent":0,"menu_order":0,"comment_status":"closed","ping_status":"closed","template":"100-width.php","meta":{"footnotes":""},"class_list":["post-14968","page","type-page","status-publish","hentry"],"yoast_head":"<!-- This site is optimized with the Yoast SEO plugin v27.4 - https:\/\/yoast.com\/product\/yoast-seo-wordpress\/ -->\n<title>Otomotiv - ATTEC-INTERNATIONAL GmbH<\/title>\n<meta name=\"robots\" content=\"index, follow, max-snippet:-1, max-image-preview:large, max-video-preview:-1\" \/>\n<link rel=\"canonical\" href=\"https:\/\/www.attec-international.com\/tr\/otomotiv\/\" \/>\n<meta property=\"og:locale\" content=\"tr_TR\" \/>\n<meta property=\"og:type\" content=\"article\" \/>\n<meta property=\"og:title\" content=\"Otomotiv - ATTEC-INTERNATIONAL GmbH\" \/>\n<meta property=\"og:url\" content=\"https:\/\/www.attec-international.com\/tr\/otomotiv\/\" \/>\n<meta property=\"og:site_name\" content=\"ATTEC-INTERNATIONAL GmbH\" \/>\n<meta property=\"article:modified_time\" content=\"2023-03-07T10:47:57+00:00\" \/>\n<meta property=\"og:image\" content=\"https:\/\/www.attec-international.com\/wp-content\/uploads\/2018\/08\/attec_karriere-slider_02.jpg\" \/>\n\t<meta property=\"og:image:width\" content=\"1400\" \/>\n\t<meta property=\"og:image:height\" content=\"540\" \/>\n\t<meta property=\"og:image:type\" content=\"image\/jpeg\" \/>\n<meta name=\"twitter:card\" content=\"summary_large_image\" \/>\n<meta name=\"twitter:label1\" content=\"Est. reading time\" \/>\n\t<meta name=\"twitter:data1\" content=\"5 minutes\" \/>\n<script type=\"application\/ld+json\" class=\"yoast-schema-graph\">{\"@context\":\"https:\\\/\\\/schema.org\",\"@graph\":[{\"@type\":\"WebPage\",\"@id\":\"https:\\\/\\\/www.attec-international.com\\\/tr\\\/otomotiv\\\/\",\"url\":\"https:\\\/\\\/www.attec-international.com\\\/tr\\\/otomotiv\\\/\",\"name\":\"Otomotiv - ATTEC-INTERNATIONAL GmbH\",\"isPartOf\":{\"@id\":\"https:\\\/\\\/www.attec-international.com\\\/#website\"},\"datePublished\":\"2021-01-12T08:20:59+00:00\",\"dateModified\":\"2023-03-07T10:47:57+00:00\",\"breadcrumb\":{\"@id\":\"https:\\\/\\\/www.attec-international.com\\\/tr\\\/otomotiv\\\/#breadcrumb\"},\"inLanguage\":\"tr-TR\",\"potentialAction\":[{\"@type\":\"ReadAction\",\"target\":[\"https:\\\/\\\/www.attec-international.com\\\/tr\\\/otomotiv\\\/\"]}]},{\"@type\":\"BreadcrumbList\",\"@id\":\"https:\\\/\\\/www.attec-international.com\\\/tr\\\/otomotiv\\\/#breadcrumb\",\"itemListElement\":[{\"@type\":\"ListItem\",\"position\":1,\"name\":\"Startseite\",\"item\":\"https:\\\/\\\/www.attec-international.com\\\/tr\\\/\"},{\"@type\":\"ListItem\",\"position\":2,\"name\":\"Otomotiv\"}]},{\"@type\":\"WebSite\",\"@id\":\"https:\\\/\\\/www.attec-international.com\\\/#website\",\"url\":\"https:\\\/\\\/www.attec-international.com\\\/\",\"name\":\"ATTEC-INTERNATIONAL GmbH\",\"description\":\"providing steel solutions\",\"publisher\":{\"@id\":\"https:\\\/\\\/www.attec-international.com\\\/#organization\"},\"potentialAction\":[{\"@type\":\"SearchAction\",\"target\":{\"@type\":\"EntryPoint\",\"urlTemplate\":\"https:\\\/\\\/www.attec-international.com\\\/?s={search_term_string}\"},\"query-input\":{\"@type\":\"PropertyValueSpecification\",\"valueRequired\":true,\"valueName\":\"search_term_string\"}}],\"inLanguage\":\"tr-TR\"},{\"@type\":\"Organization\",\"@id\":\"https:\\\/\\\/www.attec-international.com\\\/#organization\",\"name\":\"ATTEC International GmbH\",\"url\":\"https:\\\/\\\/www.attec-international.com\\\/\",\"logo\":{\"@type\":\"ImageObject\",\"inLanguage\":\"tr-TR\",\"@id\":\"https:\\\/\\\/www.attec-international.com\\\/#\\\/schema\\\/logo\\\/image\\\/\",\"url\":\"https:\\\/\\\/www.attec-international.com\\\/wp-content\\\/uploads\\\/2021\\\/04\\\/Logo-ATTEC-Rev-05-21-620.jpg\",\"contentUrl\":\"https:\\\/\\\/www.attec-international.com\\\/wp-content\\\/uploads\\\/2021\\\/04\\\/Logo-ATTEC-Rev-05-21-620.jpg\",\"width\":620,\"height\":156,\"caption\":\"ATTEC International GmbH\"},\"image\":{\"@id\":\"https:\\\/\\\/www.attec-international.com\\\/#\\\/schema\\\/logo\\\/image\\\/\"},\"sameAs\":[\"https:\\\/\\\/www.linkedin.com\\\/company\\\/attec-international-gmbh\"]}]}<\/script>\n<!-- \/ Yoast SEO plugin. -->","yoast_head_json":{"title":"Otomotiv - ATTEC-INTERNATIONAL GmbH","robots":{"index":"index","follow":"follow","max-snippet":"max-snippet:-1","max-image-preview":"max-image-preview:large","max-video-preview":"max-video-preview:-1"},"canonical":"https:\/\/www.attec-international.com\/tr\/otomotiv\/","og_locale":"tr_TR","og_type":"article","og_title":"Otomotiv - ATTEC-INTERNATIONAL GmbH","og_url":"https:\/\/www.attec-international.com\/tr\/otomotiv\/","og_site_name":"ATTEC-INTERNATIONAL GmbH","article_modified_time":"2023-03-07T10:47:57+00:00","og_image":[{"width":1400,"height":540,"url":"https:\/\/www.attec-international.com\/wp-content\/uploads\/2018\/08\/attec_karriere-slider_02.jpg","type":"image\/jpeg"}],"twitter_card":"summary_large_image","twitter_misc":{"Est. reading time":"5 minutes"},"schema":{"@context":"https:\/\/schema.org","@graph":[{"@type":"WebPage","@id":"https:\/\/www.attec-international.com\/tr\/otomotiv\/","url":"https:\/\/www.attec-international.com\/tr\/otomotiv\/","name":"Otomotiv - ATTEC-INTERNATIONAL GmbH","isPartOf":{"@id":"https:\/\/www.attec-international.com\/#website"},"datePublished":"2021-01-12T08:20:59+00:00","dateModified":"2023-03-07T10:47:57+00:00","breadcrumb":{"@id":"https:\/\/www.attec-international.com\/tr\/otomotiv\/#breadcrumb"},"inLanguage":"tr-TR","potentialAction":[{"@type":"ReadAction","target":["https:\/\/www.attec-international.com\/tr\/otomotiv\/"]}]},{"@type":"BreadcrumbList","@id":"https:\/\/www.attec-international.com\/tr\/otomotiv\/#breadcrumb","itemListElement":[{"@type":"ListItem","position":1,"name":"Startseite","item":"https:\/\/www.attec-international.com\/tr\/"},{"@type":"ListItem","position":2,"name":"Otomotiv"}]},{"@type":"WebSite","@id":"https:\/\/www.attec-international.com\/#website","url":"https:\/\/www.attec-international.com\/","name":"ATTEC-INTERNATIONAL GmbH","description":"providing steel solutions","publisher":{"@id":"https:\/\/www.attec-international.com\/#organization"},"potentialAction":[{"@type":"SearchAction","target":{"@type":"EntryPoint","urlTemplate":"https:\/\/www.attec-international.com\/?s={search_term_string}"},"query-input":{"@type":"PropertyValueSpecification","valueRequired":true,"valueName":"search_term_string"}}],"inLanguage":"tr-TR"},{"@type":"Organization","@id":"https:\/\/www.attec-international.com\/#organization","name":"ATTEC International GmbH","url":"https:\/\/www.attec-international.com\/","logo":{"@type":"ImageObject","inLanguage":"tr-TR","@id":"https:\/\/www.attec-international.com\/#\/schema\/logo\/image\/","url":"https:\/\/www.attec-international.com\/wp-content\/uploads\/2021\/04\/Logo-ATTEC-Rev-05-21-620.jpg","contentUrl":"https:\/\/www.attec-international.com\/wp-content\/uploads\/2021\/04\/Logo-ATTEC-Rev-05-21-620.jpg","width":620,"height":156,"caption":"ATTEC International GmbH"},"image":{"@id":"https:\/\/www.attec-international.com\/#\/schema\/logo\/image\/"},"sameAs":["https:\/\/www.linkedin.com\/company\/attec-international-gmbh"]}]}},"_links":{"self":[{"href":"https:\/\/www.attec-international.com\/tr\/wp-json\/wp\/v2\/pages\/14968","targetHints":{"allow":["GET"]}}],"collection":[{"href":"https:\/\/www.attec-international.com\/tr\/wp-json\/wp\/v2\/pages"}],"about":[{"href":"https:\/\/www.attec-international.com\/tr\/wp-json\/wp\/v2\/types\/page"}],"author":[{"embeddable":true,"href":"https:\/\/www.attec-international.com\/tr\/wp-json\/wp\/v2\/users\/1"}],"replies":[{"embeddable":true,"href":"https:\/\/www.attec-international.com\/tr\/wp-json\/wp\/v2\/comments?post=14968"}],"version-history":[{"count":5,"href":"https:\/\/www.attec-international.com\/tr\/wp-json\/wp\/v2\/pages\/14968\/revisions"}],"predecessor-version":[{"id":15242,"href":"https:\/\/www.attec-international.com\/tr\/wp-json\/wp\/v2\/pages\/14968\/revisions\/15242"}],"wp:attachment":[{"href":"https:\/\/www.attec-international.com\/tr\/wp-json\/wp\/v2\/media?parent=14968"}],"curies":[{"name":"wp","href":"https:\/\/api.w.org\/{rel}","templated":true}]}}